{"id":3,"date":"2020-11-25T09:20:54","date_gmt":"2020-11-25T09:20:54","guid":{"rendered":"http:\/\/suninbest.com\/?page_id=3"},"modified":"2021-01-14T12:09:31","modified_gmt":"2021-01-14T11:09:31","slug":"politica-privacidad","status":"publish","type":"page","link":"https:\/\/suninbest.com\/es\/politica-privacidad\/","title":{"rendered":"Pol\u00edtica de privacidad"},"content":{"rendered":"<style id=\"kt-blocks_5991d8-5e\" type=\"text\/css\">#kt-layout-id_5991d8-5e > .kt-row-column-wrap{max-width:800px;margin-left:auto;margin-right:auto;}<\/style>\n<div class=\"wp-block-kadence-rowlayout alignwide\"><div id=\"kt-layout-id_5991d8-5e\" class=\"kt-row-layout-inner kt-layout-id_5991d8-5e\"><div class=\"kt-row-column-wrap kt-has-1-columns kt-gutter-default kt-v-gutter-default kt-row-valign-top kt-row-layout-equal kt-tab-layout-inherit kt-m-colapse-left-to-right kt-mobile-layout-row\">\n<div class=\"wp-block-kadence-column inner-column-1 kadence-column_9e21fb-37\"><div class=\"kt-inside-inner-col\">\n<p>Esta Pol\u00edtica de Privacidad (la \u00abPol\u00edtica\u00bb) describe c\u00f3mo SunInBest Solar Solutions, S.L. recopila, utiliza y comparte la informaci\u00f3n que nos proporciona y la informaci\u00f3n que recopilamos en el desarrollo de nuestro negocio y nuestros sitio web. Su privacidad es importante para nosotros.&nbsp; A menos que usted nos diga que podemos divulgarla o a menos que la ley nos exija o nos permita divulgarla, cualquier informaci\u00f3n confidencial que usted nos proporcione a trav\u00e9s de este sitio web permanecer\u00e1 confidencial.&nbsp; Esta Pol\u00edtica le permite saber qu\u00e9 informaci\u00f3n podr\u00edamos recopilar de usted y c\u00f3mo podr\u00edamos utilizarla.<\/p>\n\n\n\n<p>En esta Pol\u00edtica, cuando nos referimos a SunInBest Solar Solutions, S.L. o \u00abnosotros\u00bb\/\u00bbnos\u00bb\/\u00bbnuestro\u00bb nos referimos a SunInBest Solar Solutions, S.L. y tambi\u00e9n a otras empresas y entidades que est\u00e1n asociadas con nosotros.<\/p>\n\n\n\n<p><strong>Cambios a esta pol\u00edtica<\/strong><\/p>\n\n\n\n<p>Podemos revisar esta Pol\u00edtica en cualquier momento modificando esta p\u00e1gina. Aunque es probable que le notifiquemos de cualquier cambio relevante de esta Pol\u00edtica, se espera que usted revise esta p\u00e1gina de vez en cuando para tomar nota de cualquier cambio que hagamos, ya que son vinculantes para usted.<\/p>\n\n\n\n<p><strong>Uso de<\/strong><strong>&nbsp;<\/strong><em><strong>cookies<\/strong><\/em><strong>&nbsp;<\/strong><strong>y seguimiento del tr\u00e1fico de usuarios<\/strong><\/p>\n\n\n\n<p>Algunas p\u00e1ginas de nuestro sitio web pueden utilizar \u00ab<em>cookies<\/em>\u00ab, peque\u00f1os archivos que el sitio web coloca en su disco duro con fines de identificaci\u00f3n. Algunas partes del sitio web tambi\u00e9n pueden utilizar&nbsp;<em>cookies<\/em>&nbsp;para rastrear los patrones de tr\u00e1fico de los usuarios. SunInBest Solar Solutions, S.L. lo hace para determinar la utilidad de la informaci\u00f3n de nuestro sitio web para nuestros usuarios\/visitantes y para ver cu\u00e1n efectiva es nuestra estructura de navegaci\u00f3n para ayudar a los usuarios\/visitantes a obtener esa informaci\u00f3n. Tenga en cuenta que las&nbsp;<em>cookies<\/em>&nbsp;no pueden leer datos de su disco duro. Su navegador web puede permitirle ser notificado cuando recibe una&nbsp;<em>cookie<\/em>, d\u00e1ndole la opci\u00f3n de aceptarla o no.<\/p>\n\n\n\n<p>Si prefiere no recibir&nbsp;<em>cookies<\/em>&nbsp;mientras navega por nuestro sitio web, puede configurar su navegador para que le advierta antes de aceptar&nbsp;<em>cookies<\/em>&nbsp;y rechazarlas cuando su navegador le avise de su presencia. Tambi\u00e9n puede rechazar todas las cookies desactiv\u00e1ndolas en su navegador. Al no aceptar&nbsp;<em>cookies<\/em>, es posible que algunas p\u00e1ginas no funcionen completamente y que no pueda acceder a cierta informaci\u00f3n de nuestro sitio.<\/p>\n\n\n\n<p><strong>La informaci\u00f3n que recopilamos y de d\u00f3nde la obtenemos<\/strong><\/p>\n\n\n\n<p>La \u00abInformaci\u00f3n Personal\u00bb es cualquier informaci\u00f3n que pueda ser utilizada para identificarle o que podamos enlazar con usted y que tengamos en nuestra posesi\u00f3n o control.<\/p>\n\n\n\n<p>Recopilaremos y procesaremos la siguiente informaci\u00f3n personal sobre usted:<\/p>\n\n\n\n<p><em>Informaci\u00f3n que usted nos proporciona<\/em><\/p>\n\n\n\n<p>En el curso de nuestro negocio como despacho de abogados, procesaremos la Informaci\u00f3n Personal que usted nos proporcione, incluyendo cuando nos env\u00ede un correo electr\u00f3nico o se ponga en contacto con nosotros a trav\u00e9s de los siguientes canales:<\/p>\n\n\n\n<ul><li>Suscripci\u00f3n a los servicios de nuestro Sitio: cuando se suscribe a boletines informativos, seminarios, conferencias o eventos, o cuando obtiene nuestros servicios legales, o cuando se pone en contacto con nosotros para realizar consultas o responder a nuestras comunicaciones, la informaci\u00f3n personal que nos proporciona puede incluir su nombre completo, t\u00edtulo, n\u00famero de tel\u00e9fono, direcci\u00f3n de correo electr\u00f3nico y contenido, fecha y hora de su correspondencia por correo electr\u00f3nico, e informaci\u00f3n sobre su empleador o su empresa.<\/li><li>En relaci\u00f3n con nuestra prestaci\u00f3n de servicios jur\u00eddicos: si usted es cliente de SunInBest Solar Solutions, S.L., nos facilitar\u00e1 sus Datos Personales cuando usted o la empresa a la que representa se convierta en cliente. Si usted no es cliente, podemos recopilar o recibir su Informaci\u00f3n Personal porque usted est\u00e1 involucrado en uno de los asuntos de nuestros clientes.<\/li><li>Aplicaci\u00f3n de CV: cuando usted solicita un puesto con nosotros, puede proporcionarnos cierta informaci\u00f3n personal seg\u00fan lo solicitado en nuestra solicitud. Esto puede incluir detalles tales como su nombre completo y la informaci\u00f3n sobre su educaci\u00f3n y cualificaci\u00f3n que figura en su CV.<\/li><\/ul>\n\n\n\n<p><em>Informaci\u00f3n que recopilamos de otra manera sobre usted<\/em><\/p>\n\n\n\n<p>Tambi\u00e9n recopilaremos informaci\u00f3n sobre cu\u00e1ndo utiliza nuestros servicios o cu\u00e1ndo interactuamos o mantenemos correspondencia con usted. Utilizamos varias tecnolog\u00edas para recopilar y almacenar informaci\u00f3n cuando usted visita nuestros sitios web. Con fines t\u00e9cnicos, pero sin incluir informaci\u00f3n de datos personales, podemos, por ejemplo, recopilar informaci\u00f3n sobre el tipo de dispositivo que utiliza para acceder a los sitios web, su direcci\u00f3n IP y su ubicaci\u00f3n geogr\u00e1fica, el sistema operativo y la versi\u00f3n, el tipo de navegador, el contenido que ve y las caracter\u00edsticas a las que accede en nuestros sitios web, las p\u00e1ginas web y los t\u00e9rminos de b\u00fasqueda que introduce en nuestros sitios web.<\/p>\n\n\n\n<p><em>Informaci\u00f3n que obtenemos de otras fuentes<\/em><\/p>\n\n\n\n<ul><li>Si usted solicita un puesto con nosotros, podemos recopilar Informaci\u00f3n Personal relacionada con empleos anteriores, calificaciones y educaci\u00f3n, y otros detalles sobre usted que nos ser\u00e1n proporcionados por un tercero que nos proporciona servicios de investigaci\u00f3n de antecedentes.<\/li><li>Si recopilamos o recibimos su Informaci\u00f3n Personal en el contexto de la prestaci\u00f3n de servicios legales, podr\u00edamos recibir informaci\u00f3n de terceros como su empleador, otras partes relevantes para los servicios que estamos prestando (por ejemplo, contra partes en transacciones) y otros como reguladores y autoridades. Esa informaci\u00f3n podr\u00eda incluir su nombre, detalles de contacto, detalles de empleo y otra informaci\u00f3n relevante para los servicios legales que estamos proporcionando a nuestro cliente.<\/li><\/ul>\n\n\n\n<p><strong>C\u00f3mo utilizamos la informaci\u00f3n que recopilamos<\/strong><\/p>\n\n\n\n<p>No vendemos, alquilamos, intercambiamos ni revelamos de ninguna otra manera la Informaci\u00f3n Personal que los visitantes env\u00edan a trav\u00e9s de nuestros Sitios, excepto c\u00f3mo se describe en esta Pol\u00edtica.<\/p>\n\n\n\n<p>Tambi\u00e9n podemos utilizar la Informaci\u00f3n Personal que recopilamos para protegernos y prevenir fraudes, reclamaciones y otras responsabilidades, as\u00ed como para cumplir o hacer cumplir los requisitos legales aplicables y nuestras pol\u00edticas y t\u00e9rminos.<\/p>\n\n\n\n<p>Utilizamos la Informaci\u00f3n Personal para estos fines cuando es necesario para proteger, ejercer o defender nuestros derechos legales, o cuando una ley que se nos aplica nos lo exige.<\/p>\n\n\n\n<p>Podemos UTILIZAR su Informaci\u00f3n Personal de las siguientes maneras:<\/p>\n\n\n\n<ol type=\"1\"><li>Utilizarla para proporcionar servicios legales al cliente relevante.<\/li><li>Utilizarla para participar en actividades de marketing y desarrollo de negocios en relaci\u00f3n con nuestros servicios legales. Esto puede incluir el env\u00edo de boletines, actualizaciones legales, comunicaciones de marketing y otra informaci\u00f3n que pueda ser de su inter\u00e9s.<\/li><li>Cuando usted ha solicitado un puesto con nosotros, para revisar y procesar su solicitud de empleo.<\/li><li>Utilizarla para cumplir con las obligaciones legales y reglamentarias que tenemos que cumplir.<\/li><li>Utilizarla para establecer, ejercer o defender nuestros derechos legales o para fines de procedimientos legales.<\/li><li>Utilizarla con fines t\u00e9cnicos para registrar y supervisar el uso de nuestros sitios web u otros servicios en l\u00ednea con fines comerciales, lo que puede incluir el an\u00e1lisis del uso, la medici\u00f3n del rendimiento del sitio y la generaci\u00f3n de informes de marketing.<\/li><li>Utilizarla para nuestros intereses comerciales leg\u00edtimos, tales como realizar investigaciones y an\u00e1lisis comerciales o administrar la operaci\u00f3n de nuestros sitios web y nuestro negocio.<\/li><li>Utilizarla para examinar cualquier queja o consulta que pueda tener, y<\/li><li>Utilizarla para prevenir y responder a actividades fraudulentas o ilegales reales o potenciales.<\/li><\/ol>\n\n\n\n<p>Asimismo, podemos recopilar, procesar y compartir cualquier estad\u00edstica basada en una agregaci\u00f3n de la informaci\u00f3n que poseemos, siempre y cuando no se identifique a ning\u00fan individuo a partir del an\u00e1lisis resultante y la recopilaci\u00f3n, procesamiento y difusi\u00f3n de dicha informaci\u00f3n est\u00e9 permitida por ley.<\/p>\n\n\n\n<p><strong>Motivos para utilizar su informaci\u00f3n personal<\/strong><\/p>\n\n\n\n<p>Nos basamos en las siguientes bases legales para procesar su informaci\u00f3n personal, a saber:<\/p>\n\n\n\n<p>Consentimiento: es posible que necesitemos su consentimiento para utilizar su informaci\u00f3n personal. Usted puede retirar su consentimiento poni\u00e9ndose en contacto con nosotros (ver abajo).<\/p>\n\n\n\n<p>Cumplimiento de un contrato: es posible que necesitemos recopilar y utilizar su informaci\u00f3n personal para celebrar un contrato con usted o para cumplir con nuestras obligaciones en virtud de un contrato con usted.<\/p>\n\n\n\n<p>Inter\u00e9s leg\u00edtimo \u2013 podemos utilizar su informaci\u00f3n personal para nuestros intereses leg\u00edtimos, algunos ejemplos de los cuales se dan arriba.- Cumplimiento con la ley o la regulaci\u00f3n \u2013 podemos usar su informaci\u00f3n personal seg\u00fan sea necesario para cumplir con la ley aplicable.<\/p>\n\n\n\n<p><strong>C\u00f3mo compartimos informaci\u00f3n con terceros<\/strong><\/p>\n\n\n\n<p>Compartimos Informaci\u00f3n Personal con nuestras oficinas internacionales y con las diversas entidades que conforman nuestra red internacional.<\/p>\n\n\n\n<p>Como resultado, su informaci\u00f3n personal puede ser transferida a lugares fuera de la Uni\u00f3n Europea, as\u00ed como dentro de ella, para los fines descritos anteriormente. Tambi\u00e9n podemos compartir su informaci\u00f3n personal fuera de SunInBest Solar Solutions, S.L. Esto puede incluir:<\/p>\n\n\n\n<ul><li>Agentes\/proveedores o contratistas de terceros, sujetos a obligaciones de confidencialidad, en relaci\u00f3n con el procesamiento de su Informaci\u00f3n Personal para los fines descritos en esta Pol\u00edtica. Esto puede incluir, pero no se limita a, proveedores de servicios de TI y comunicaciones.<\/li><li>Terceros relevantes para los servicios legales que prestamos. Esto puede incluir, pero no se limita a, contra partes de transacciones o litigios, otros proveedores de servicios profesionales, reguladores, autoridades, instituciones gubernamentales y bolsas de valores. Estos proveedores de servicios no est\u00e1n autorizados por nosotros a usar o divulgar la informaci\u00f3n excepto cuando sea necesario para realizar servicios en nuestro nombre o para cumplir con los requisitos legales.<\/li><li>En la medida en que lo exija la ley o una orden judicial, por ejemplo, si tenemos la obligaci\u00f3n de revelar su informaci\u00f3n personal para cumplir con cualquier obligaci\u00f3n legal.<\/li><li>Cuando transferimos su informaci\u00f3n personal fuera de Europa, nos aseguraremos de que est\u00e9 protegida y se transfiera de manera coherente con los requisitos legales aplicables a la informaci\u00f3n. Esto se puede hacer de varias maneras, por ejemplo:<ul><li>El pa\u00eds al que enviamos la informaci\u00f3n personal puede ser aprobado por la Comisi\u00f3n Europea.<\/li><li>El destinatario puede haber firmado un contrato basado en \u00abcl\u00e1usulas contractuales tipo\u00bb aprobadas por la Comisi\u00f3n Europea, que le obligan a proteger su informaci\u00f3n personal, o bien<\/li><li>Cuando el destinatario se encuentre en los EE.UU., puede ser un miembro certificado del esquema de Protecci\u00f3n de la Privacidad UE-EE.UU.<\/li><\/ul><\/li><\/ul>\n\n\n\n<p>En otras circunstancias, la ley puede permitirnos transferir su informaci\u00f3n personal fuera de Europa.<\/p>\n\n\n\n<p>En todos los casos, sin embargo, cualquier transferencia de su informaci\u00f3n personal cumplir\u00e1 con la ley de protecci\u00f3n de datos aplicable.<\/p>\n\n\n\n<p>Puede obtener m\u00e1s informaci\u00f3n sobre la protecci\u00f3n de sus datos personales cuando se transfieren fuera de Europa (incluida una copia de muestra de las cl\u00e1usulas contractuales tipo) poni\u00e9ndose en contacto con nosotros utilizando los datos que se indican a continuaci\u00f3n.<\/p>\n\n\n\n<p><strong>Mantener su informaci\u00f3n y la seguridad de la informaci\u00f3n<\/strong><\/p>\n\n\n\n<p>El tiempo que guardemos su informaci\u00f3n personal variar\u00e1 y depender\u00e1 principalmente de:<\/p>\n\n\n\n<p>El prop\u00f3sito para el cual estamos usando su informaci\u00f3n personal \u2013 necesitaremos guardar la informaci\u00f3n por el tiempo que sea necesario para el prop\u00f3sito relevante,<\/p>\n\n\n\n<p>Obligaciones legales \u2013 las leyes o reglamentos pueden establecer un per\u00edodo m\u00ednimo durante el cual debemos conservar su informaci\u00f3n personal.<\/p>\n\n\n\n<p>Nos aseguraremos de que la informaci\u00f3n personal que poseemos est\u00e9 sujeta a las medidas de seguridad apropiadas.<\/p>\n\n\n\n<p><strong>Sus opciones y derechos<\/strong><\/p>\n\n\n\n<p><strong>Sus derechos<\/strong><\/p>\n\n\n\n<p>Sujeto a la ley aplicable, usted puede tener derecho a solicitar el acceso y la rectificaci\u00f3n de la Informaci\u00f3n Personal que mantenemos sobre usted, a solicitar la restricci\u00f3n del procesamiento de su Informaci\u00f3n Personal, o a oponerse a dicho procesamiento por motivos relacionados con su situaci\u00f3n particular.<\/p>\n\n\n\n<p>Adem\u00e1s, usted puede tener el derecho de solicitar la eliminaci\u00f3n de su Informaci\u00f3n Personal en ciertas circunstancias previstas por la ley aplicable.&nbsp; Sujeto a la ley aplicable, cuando sea t\u00e9cnicamente factible y previa solicitud por escrito e identificaci\u00f3n verificable, le proporcionaremos una copia de su Informaci\u00f3n Personal en un formato estructurado, com\u00fanmente utilizado y legible por m\u00e1quina.<\/p>\n\n\n\n<p>Para ejercer estos derechos, p\u00f3ngase en contacto con nosotros como se indica a continuaci\u00f3n.&nbsp; Usted puede presentar una queja ante una autoridad de protecci\u00f3n de datos si no est\u00e1 satisfecho con nuestra respuesta.<\/p>\n\n\n\n<p><strong>Enlaces a otros sitios web&nbsp;<\/strong><\/p>\n\n\n\n<p>Adem\u00e1s, este sitio web contiene enlaces a sitios web que han sido creados y son mantenidos por otros.&nbsp; No garantizamos, expresa o impl\u00edcitamente, la exactitud o fiabilidad de la informaci\u00f3n contenida en este sitio web o en cualquier otro sitio web al que este sitio est\u00e9 vinculado. Los enlaces a otros sitios no tienen la intenci\u00f3n de indicar o implicar que SunInBest Solar Solutions, S.L. patrocina o est\u00e1 afiliada o asociada de alguna manera con o la informaci\u00f3n contenida en esos otros sitios web.<\/p>\n\n\n\n<p>Adem\u00e1s, las opiniones expresadas en los materiales contenidos en este sitio web son las opiniones de los autores individuales y pueden no reflejar las opiniones de SunInBest Solar Solutions, S.L. o de cualquiera de sus socios o empleados.<\/p>\n\n\n\n<p><strong>Privacidad de los ni\u00f1os&nbsp;<\/strong><\/p>\n\n\n\n<p>Los ni\u00f1os menores de 13 a\u00f1os no son el p\u00fablico objetivo de nuestro sitio web.&nbsp; Para proteger su privacidad, SunInBest Solar Solutions, S.L. proh\u00edbe la solicitud de informaci\u00f3n personal de ni\u00f1os menores de 13 a\u00f1os de edad.<\/p>\n\n\n\n<p><strong>C\u00f3mo ponerse en contacto con nosotros y otra informaci\u00f3n importante&nbsp;<\/strong><\/p>\n\n\n\n<p>Si desea obtener m\u00e1s informaci\u00f3n sobre la recopilaci\u00f3n, el uso, la divulgaci\u00f3n, la transferencia o el procesamiento de su informaci\u00f3n personal o el ejercicio de cualquiera de los derechos mencionados anteriormente, p\u00f3ngase en contacto con nosotros por correo electr\u00f3nico en:&nbsp;<a href=\"mailto:info@suninbest.com\">info@suninbest.com<\/a>.<\/p>\n<\/div><\/div>\n<\/div><\/div><\/div>\n","protected":false},"excerpt":{"rendered":"","protected":false},"author":1,"featured_media":0,"parent":0,"menu_order":0,"comment_status":"closed","ping_status":"open","template":"","meta":{"kt_blocks_editor_width":""},"uagb_featured_image_src":{"full":false,"thumbnail":false,"medium":false,"medium_large":false,"large":false,"1536x1536":false,"2048x2048":false},"uagb_author_info":{"display_name":"MikeS18","author_link":"https:\/\/suninbest.com\/es\/author\/mikes18\/"},"uagb_comment_info":0,"uagb_excerpt":null,"yoast_head":"<!-- This site is optimized with the Yoast SEO plugin v15.6.2 - https:\/\/yoast.com\/wordpress\/plugins\/seo\/ -->\n<title>Pol\u00edtica de privacidad - SunInBest<\/title>\n<meta name=\"robots\" content=\"noindex, nofollow\" \/>\n<meta property=\"og:locale\" content=\"es_ES\" \/>\n<meta property=\"og:type\" content=\"article\" \/>\n<meta property=\"og:title\" content=\"Pol\u00edtica de privacidad - SunInBest\" \/>\n<meta property=\"og:url\" content=\"https:\/\/suninbest.com\/es\/politica-privacidad\/\" \/>\n<meta property=\"og:site_name\" content=\"SunInBest\" \/>\n<meta property=\"article:modified_time\" content=\"2021-01-14T11:09:31+00:00\" \/>\n<meta name=\"twitter:card\" content=\"summary_large_image\" \/>\n<meta name=\"twitter:label1\" content=\"Tiempo de lectura\">\n\t<meta name=\"twitter:data1\" content=\"10 minutos\">\n<script type=\"application\/ld+json\" class=\"yoast-schema-graph\">{\"@context\":\"https:\/\/schema.org\",\"@graph\":[{\"@type\":\"WebSite\",\"@id\":\"https:\/\/suninbest.com\/es\/#website\",\"url\":\"https:\/\/suninbest.com\/es\/\",\"name\":\"SunInBest\",\"description\":\"Photovoltaic power\",\"potentialAction\":[{\"@type\":\"SearchAction\",\"target\":\"https:\/\/suninbest.com\/es\/?s={search_term_string}\",\"query-input\":\"required name=search_term_string\"}],\"inLanguage\":\"es\"},{\"@type\":\"WebPage\",\"@id\":\"https:\/\/suninbest.com\/es\/politica-privacidad\/#webpage\",\"url\":\"https:\/\/suninbest.com\/es\/politica-privacidad\/\",\"name\":\"Pol\\u00edtica de privacidad - SunInBest\",\"isPartOf\":{\"@id\":\"https:\/\/suninbest.com\/es\/#website\"},\"datePublished\":\"2020-11-25T09:20:54+00:00\",\"dateModified\":\"2021-01-14T11:09:31+00:00\",\"inLanguage\":\"es\",\"potentialAction\":[{\"@type\":\"ReadAction\",\"target\":[\"https:\/\/suninbest.com\/es\/politica-privacidad\/\"]}]}]}<\/script>\n<!-- \/ Yoast SEO plugin. -->","_links":{"self":[{"href":"https:\/\/suninbest.com\/es\/wp-json\/wp\/v2\/pages\/3"}],"collection":[{"href":"https:\/\/suninbest.com\/es\/wp-json\/wp\/v2\/pages"}],"about":[{"href":"https:\/\/suninbest.com\/es\/wp-json\/wp\/v2\/types\/page"}],"author":[{"embeddable":true,"href":"https:\/\/suninbest.com\/es\/wp-json\/wp\/v2\/users\/1"}],"replies":[{"embeddable":true,"href":"https:\/\/suninbest.com\/es\/wp-json\/wp\/v2\/comments?post=3"}],"version-history":[{"count":1,"href":"https:\/\/suninbest.com\/es\/wp-json\/wp\/v2\/pages\/3\/revisions"}],"predecessor-version":[{"id":1216,"href":"https:\/\/suninbest.com\/es\/wp-json\/wp\/v2\/pages\/3\/revisions\/1216"}],"wp:attachment":[{"href":"https:\/\/suninbest.com\/es\/wp-json\/wp\/v2\/media?parent=3"}],"curies":[{"name":"wp","href":"https:\/\/api.w.org\/{rel}","templated":true}]}}