{"id":1213,"date":"2021-01-14T11:23:44","date_gmt":"2021-01-14T10:23:44","guid":{"rendered":"https:\/\/suninbest.com\/es\/politica-cookies\/"},"modified":"2021-01-14T11:26:00","modified_gmt":"2021-01-14T10:26:00","slug":"politica-cookies","status":"publish","type":"page","link":"https:\/\/suninbest.com\/es\/politica-cookies\/","title":{"rendered":"Pol\u00edtica de Cookies"},"content":{"rendered":"<style id=\"kt-blocks_379641-df\" type=\"text\/css\">#kt-layout-id_379641-df > .kt-row-column-wrap{max-width:800px;margin-left:auto;margin-right:auto;}<\/style>\n<div class=\"wp-block-kadence-rowlayout alignwide\"><div id=\"kt-layout-id_379641-df\" class=\"kt-row-layout-inner kt-layout-id_379641-df\"><div class=\"kt-row-column-wrap kt-has-1-columns kt-gutter-default kt-v-gutter-default kt-row-valign-top kt-row-layout-equal kt-tab-layout-inherit kt-m-colapse-left-to-right kt-mobile-layout-row\">\n<div class=\"wp-block-kadence-column inner-column-1 kadence-column_c298ba-78\"><div class=\"kt-inside-inner-col\">\n<h2 id=\"kt-adv-heading_7dc8c7-a0\" class=\"kt-adv-heading_7dc8c7-a0 wp-block-kadence-advancedheading\">1. Disposiciones generales<\/h2>\n\n\n\n<p>Este sitio web utiliza cookies y herramientas similares (conjuntamente, \u201cCookies\u201d) propias y de terceros, que permiten gestionar y mejorar los servicios ofrecidos. Con esta finalidad, se utilizan las siguientes tipolog\u00edas de Cookies:<\/p>\n\n\n\n<h3 id=\"kt-adv-heading_17f543-31\" class=\"kt-adv-heading_17f543-31 wp-block-kadence-advancedheading\"><em>a) Cookies necesarias<\/em><\/h3>\n\n\n\n<p>Las Cookies necesarias son Cookies que permiten que el sitio web se pueda utilizar activando funciones b\u00e1sicas, como por ejemplo la navegaci\u00f3n de p\u00e1ginas y el acceso a \u00e1reas seguras de este sitio web. El sitio web no puede funcionar correctamente sin estas cookies.<\/p>\n\n\n\n<h3 id=\"kt-adv-heading_0f89e5-fd\" class=\"kt-adv-heading_0f89e5-fd wp-block-kadence-advancedheading\"><em>b) Cookies de personalizaci\u00f3n:<\/em><\/h3>\n\n\n\n<p>Las Cookies de personalizaci\u00f3n son Cookies que permiten a este sitio web recordar cierta informaci\u00f3n para modificar el funcionamiento del mismo, como por ejemplo, su idioma de preferencia.<\/p>\n\n\n\n<h3 id=\"kt-adv-heading_c3116f-d5\" class=\"kt-adv-heading_c3116f-d5 wp-block-kadence-advancedheading\"><em>c) Cookies d\u2019estad\u00edstica<\/em><\/h3>\n\n\n\n<p>Las Cookies de estad\u00edstica permiten a SunInBest Solar Solutions, S.L. entender c\u00f3mo usted interact\u00faa con este sitio web mediante la recogida y la comunicaci\u00f3n de informaci\u00f3n de forma an\u00f3nima.&nbsp;<\/p>\n\n\n\n<p>La informaci\u00f3n que se recoge mediante este tipo de cookies se utiliza para medir la actividad de este sitio web.<\/p>\n\n\n\n<p>Este sitio web solo almacena Cookies en su dispositivo si son estrictamente necesarias para el funcionamiento del sitio web.<\/p>\n\n\n\n<h2 id=\"kt-adv-heading_a61d32-d7\" class=\"kt-adv-heading_a61d32-d7 wp-block-kadence-advancedheading\">2. Bloquear, desactivar o eliminar cookies<\/h2>\n\n\n\n<p>Puede permitir, bloquear o eliminar las cookies instaladas en su dispositivo mediante el men\u00fa de configuraci\u00f3n de su navegador de Internet, a trav\u00e9s de los siguientes enlaces:<\/p>\n\n\n\n<p><em>Ordenador:<\/em><\/p>\n\n\n\n<p>\u2022&nbsp;&nbsp; &nbsp;Chrome: men\u00fa Opciones &gt; Opciones avanzadas &gt; Privacidad.<br>\u2022&nbsp;&nbsp; &nbsp;Firefox: men\u00fa Herramientas &gt; Opciones &gt; Privacidad &gt; Cookies.<br>\u2022&nbsp;&nbsp; &nbsp;Microsoft Internet Explorer: men\u00fa Herramientas &gt; Opciones de Internet &gt; Privacidad &gt; Configuraci\u00f3n.<br>\u2022&nbsp;&nbsp; &nbsp;Safari: men\u00fa Preferencias&gt; Privacidad.<\/p>\n\n\n\n<p><em>Iphone<\/em><\/p>\n\n\n\n<p>\u2022&nbsp;&nbsp; &nbsp;Safari per IOS (iPhone e iPad): opci\u00f3n Ajustes &gt; Safari<\/p>\n\n\n\n<p><em>Android<\/em><\/p>\n\n\n\n<p>\u2022&nbsp;&nbsp; &nbsp;Chrome para Android: Configuraci\u00f3n&gt; Configuraci\u00f3n de sitios web &gt; Cookies<\/p>\n\n\n\n<p>Para mayor informaci\u00f3n sobre el bloqueo, la desactivaci\u00f3n o la eliminaci\u00f3n de cookies, puede visitar el sitio web siguiente:\u00a0.\u00a0\u00a0<\/p>\n\n\n\n<p><em>\u00daltima actualizaci\u00f3n: 1 de enero del 2021<\/em><\/p>\n<\/div><\/div>\n<\/div><\/div><\/div>\n","protected":false},"excerpt":{"rendered":"","protected":false},"author":1,"featured_media":0,"parent":0,"menu_order":0,"comment_status":"closed","ping_status":"closed","template":"","meta":{"kt_blocks_editor_width":""},"uagb_featured_image_src":{"full":false,"thumbnail":false,"medium":false,"medium_large":false,"large":false,"1536x1536":false,"2048x2048":false},"uagb_author_info":{"display_name":"MikeS18","author_link":"https:\/\/suninbest.com\/es\/author\/mikes18\/"},"uagb_comment_info":0,"uagb_excerpt":null,"yoast_head":"<!-- This site is optimized with the Yoast SEO plugin v15.6.2 - https:\/\/yoast.com\/wordpress\/plugins\/seo\/ -->\n<title>Pol\u00edtica de Cookies - SunInBest<\/title>\n<meta name=\"robots\" content=\"index, follow, max-snippet:-1, max-image-preview:large, max-video-preview:-1\" \/>\n<link rel=\"canonical\" href=\"https:\/\/suninbest.com\/es\/politica-cookies\/\" \/>\n<meta property=\"og:locale\" content=\"es_ES\" \/>\n<meta property=\"og:type\" content=\"article\" \/>\n<meta property=\"og:title\" content=\"Pol\u00edtica de Cookies - SunInBest\" \/>\n<meta property=\"og:url\" content=\"https:\/\/suninbest.com\/es\/politica-cookies\/\" \/>\n<meta property=\"og:site_name\" content=\"SunInBest\" \/>\n<meta property=\"article:modified_time\" content=\"2021-01-14T10:26:00+00:00\" \/>\n<meta name=\"twitter:card\" content=\"summary_large_image\" \/>\n<meta name=\"twitter:label1\" content=\"Tiempo de lectura\">\n\t<meta name=\"twitter:data1\" content=\"2 minutos\">\n<script type=\"application\/ld+json\" class=\"yoast-schema-graph\">{\"@context\":\"https:\/\/schema.org\",\"@graph\":[{\"@type\":\"WebSite\",\"@id\":\"https:\/\/suninbest.com\/es\/#website\",\"url\":\"https:\/\/suninbest.com\/es\/\",\"name\":\"SunInBest\",\"description\":\"Photovoltaic power\",\"potentialAction\":[{\"@type\":\"SearchAction\",\"target\":\"https:\/\/suninbest.com\/es\/?s={search_term_string}\",\"query-input\":\"required name=search_term_string\"}],\"inLanguage\":\"es\"},{\"@type\":\"WebPage\",\"@id\":\"https:\/\/suninbest.com\/es\/politica-cookies\/#webpage\",\"url\":\"https:\/\/suninbest.com\/es\/politica-cookies\/\",\"name\":\"Pol\\u00edtica de Cookies - SunInBest\",\"isPartOf\":{\"@id\":\"https:\/\/suninbest.com\/es\/#website\"},\"datePublished\":\"2021-01-14T10:23:44+00:00\",\"dateModified\":\"2021-01-14T10:26:00+00:00\",\"inLanguage\":\"es\",\"potentialAction\":[{\"@type\":\"ReadAction\",\"target\":[\"https:\/\/suninbest.com\/es\/politica-cookies\/\"]}]}]}<\/script>\n<!-- \/ Yoast SEO plugin. -->","_links":{"self":[{"href":"https:\/\/suninbest.com\/es\/wp-json\/wp\/v2\/pages\/1213"}],"collection":[{"href":"https:\/\/suninbest.com\/es\/wp-json\/wp\/v2\/pages"}],"about":[{"href":"https:\/\/suninbest.com\/es\/wp-json\/wp\/v2\/types\/page"}],"author":[{"embeddable":true,"href":"https:\/\/suninbest.com\/es\/wp-json\/wp\/v2\/users\/1"}],"replies":[{"embeddable":true,"href":"https:\/\/suninbest.com\/es\/wp-json\/wp\/v2\/comments?post=1213"}],"version-history":[{"count":1,"href":"https:\/\/suninbest.com\/es\/wp-json\/wp\/v2\/pages\/1213\/revisions"}],"predecessor-version":[{"id":1215,"href":"https:\/\/suninbest.com\/es\/wp-json\/wp\/v2\/pages\/1213\/revisions\/1215"}],"wp:attachment":[{"href":"https:\/\/suninbest.com\/es\/wp-json\/wp\/v2\/media?parent=1213"}],"curies":[{"name":"wp","href":"https:\/\/api.w.org\/{rel}","templated":true}]}}