{"id":1207,"date":"2021-01-14T11:08:36","date_gmt":"2021-01-14T10:08:36","guid":{"rendered":"https:\/\/suninbest.com\/es\/?page_id=1207"},"modified":"2021-01-14T11:16:44","modified_gmt":"2021-01-14T10:16:44","slug":"aviso-legal","status":"publish","type":"page","link":"https:\/\/suninbest.com\/es\/aviso-legal\/","title":{"rendered":"Aviso legal"},"content":{"rendered":"<style id=\"kt-blocks_1fd342-e9\" type=\"text\/css\">#kt-layout-id_1fd342-e9 > .kt-row-column-wrap{max-width:800px;margin-left:auto;margin-right:auto;}<\/style>\n<div class=\"wp-block-kadence-rowlayout alignwide\"><div id=\"kt-layout-id_1fd342-e9\" class=\"kt-row-layout-inner kt-layout-id_1fd342-e9\"><div class=\"kt-row-column-wrap kt-has-1-columns kt-gutter-default kt-v-gutter-default kt-row-valign-top kt-row-layout-equal kt-tab-layout-inherit kt-m-colapse-left-to-right kt-mobile-layout-row\">\n<div class=\"wp-block-kadence-column inner-column-1 kadence-column_19c28a-a4\"><div class=\"kt-inside-inner-col\">\n<h2 id=\"kt-adv-heading_398b87-15\" class=\"kt-adv-heading_398b87-15 wp-block-kadence-advancedheading\">1. Uso del Servicio<\/h2>\n\n\n\n<p>Los usuarios deber\u00e1n utilizar el Servicio de conformidad con lo establecido por la ley, la moral, el orden p\u00fablico, la buena fe, las buenas costumbres y los T\u00e9rminos y Condiciones.<\/p>\n\n\n\n<p>Los usuarios se comprometen a:<\/p>\n\n\n\n<ul><li>Hacer uso del Servicio de forma leal y de buena fe.&nbsp;<\/li><li>Hacer uso del Servicio de conformidad con la legislaci\u00f3n andorrana vigente que resulte de aplicaci\u00f3n.<\/li><li>No desviar ni intentar desviar ninguna funcionalidad del Servicio de su uso normal.<\/li><li>No difundir ning\u00fan dato, informaci\u00f3n o contenido que tenga por efecto disminuir, interrumpir o impedir el uso normal del Servicio, o interrumpir o disminuir el flujo normal de comunicaciones.<\/li><\/ul>\n\n\n\n<h2 id=\"kt-adv-heading_d19724-5c\" class=\"kt-adv-heading_d19724-5c wp-block-kadence-advancedheading\">2. Derecho de exclusi\u00f3n<\/h2>\n\n\n\n<p>SunInBest Solar Solutions, S.L. se reserva la facultad de denegar o suspender, en cualquier momento, sin previo aviso y de forma discrecional, con car\u00e1cter definitivo o temporal, el acceso a este sitio web a los usuarios que incumplan los&nbsp;<\/p>\n\n\n\n<h2 id=\"kt-adv-heading_cda763-0c\" class=\"kt-adv-heading_cda763-0c wp-block-kadence-advancedheading\">3.&nbsp;Contenidos<\/h2>\n\n\n\n<p>El t\u00e9rmino contenidos se refiere a todos los contenidos que conforman este sitio web, entendi\u00e9ndose como tales, a t\u00edtulo meramente enunciativo y no limitativo, el c\u00f3digo fuente, el dise\u00f1o y la estructura de navegaci\u00f3n del sitio web, as\u00ed como los signos distintivos, los v\u00eddeos, las fotograf\u00edas y los textos que se muestran en el mismo.<\/p>\n\n\n\n<p>Los contenidos de este sitio web son objeto de derechos de propiedad intelectual, derechos de propiedad industrial, derechos de imagen o derechos o posiciones jur\u00eddicas de an\u00e1logo contenido econ\u00f3mico titularidad de SunInBest Solar Solutions, S.L. o de terceros que le han otorgado las pertinentes licencias o autorizaciones.&nbsp;<\/p>\n\n\n\n<p>El acceso a este sitio web no otorga a los usuarios ninguna titularidad ni derecho de uso sobre los contenidos.<\/p>\n\n\n\n<p>SunInBest Solar Solutions, S.L. se reserva el derecho, en cualquier momento y sin previo aviso a los usuarios, de modificar cualquier dato, informaci\u00f3n u otros contenidos del Servicio, al actualizar o corregir errores o inexactitudes.<\/p>\n\n\n\n<h2 id=\"kt-adv-heading_cb7e8d-05\" class=\"kt-adv-heading_cb7e8d-05 wp-block-kadence-advancedheading\">4. Responsabilidad<\/h2>\n\n\n\n<p><em>Responsabilidad de los usuarios<\/em><\/p>\n\n\n\n<p>Los usuarios utilizar\u00e1n el Servicio bajo su total responsabilidad.<\/p>\n\n\n\n<p>Es responsabilidad de los usuarios tomar todas las medidas adecuadas y necesarias para proteger sus propios datos, sistemas inform\u00e1ticos o programas inform\u00e1ticos de la contaminaci\u00f3n por posibles virus.<\/p>\n\n\n\n<p>Los usuarios son los \u00fanicos responsables del uso que hagan del Servicio.<\/p>\n\n\n\n<p><em>Responsabilidad de <\/em>SunInBest Solar Solutions, S.L.<\/p>\n\n\n\n<p>SunInBest Solar Solutions, S.L. no es responsable de los da\u00f1os y perjuicios ni otras consecuencias que se deriven de: (i) la utilizaci\u00f3n que los usuarios hagan del Servicio; (ii) la indisponibilidad de este sitio web o de sus contenidos por motivos t\u00e9cnicos, de seguridad, de control, de actualizaciones o de mantenimiento, o por errores debidos a servidores o a terceros intermediarios o proveedores; (iii) programas inform\u00e1ticos, virus u otros elementos que escapen a su control.<\/p>\n\n\n\n<p>SunInBest Solar Solutions, S.L. no ejerce ning\u00fan control sobre los servicios, contenidos u otros elementos a los que los usuarios de este sitio web puedan acceder a trav\u00e9s de los dispositivos t\u00e9cnicos de enlaces, directorios u otros medios a los que se pueda acceder mediante este sitio web. En este sentido, SunInBest Solar Solutions, S.L. no es responsable de la disponibilidad t\u00e9cnica, la calidad o la exactitud, entre otros, de los servicios, contenidos u otros elementos a los que se haya accedido, ni de los da\u00f1os y perjuicios ni otras consecuencias que se produzcan como resultado de su uso.<br>SunInBest Solar Solutions, S.L. puede interrumpir el acceso al Servicio, temporalmente o definitivamente, en cualquier momento.<\/p>\n\n\n\n<h2 id=\"kt-adv-heading_e71602-57\" class=\"kt-adv-heading_e71602-57 wp-block-kadence-advancedheading\">5. Autorizaci\u00f3n de enlaces<\/h2>\n\n\n\n<p>Quedan expresamente prohibidos los enlaces de este sitio web y cualquier otro aprovechamiento de los contenidos de este, por parte de terceros no autorizados por escrito por SunInBest Solar Solutions, S.L.<\/p>\n\n\n\n<h2 id=\"kt-adv-heading_8663d3-b7\" class=\"kt-adv-heading_8663d3-b7 wp-block-kadence-advancedheading\">6. Notificaciones<\/h2>\n\n\n\n<p>En caso de que un usuario considere que alguno de los contenidos de este sitio web o que, mediante alguno de los dispositivos t\u00e9cnicos de enlaces, directorios u otros medios a los que se pueda acceder a trav\u00e9s de este sitio web, se vulneran de terceros, deber\u00e1 notificarlo inmediatamente a SunInBest Solar Solutions, S.L. mediante la direcci\u00f3n electr\u00f3nica&nbsp;.<\/p>\n\n\n\n<h2 id=\"kt-adv-heading_46ec35-3e\" class=\"kt-adv-heading_46ec35-3e wp-block-kadence-advancedheading\">7. Legislaci\u00f3n aplicable y jurisdicci\u00f3n<\/h2>\n\n\n\n<p>Los T\u00e9rminos y Condiciones de este sitio web se rigen por la legislaci\u00f3n andorrana.<br>Sin perjuicio de que por imperativo legal pueda ser aplicable otra legislaci\u00f3n o jurisdicci\u00f3n, los usuarios de este sitio web se someten a la jurisdicci\u00f3n andorrana, con renuncia expresa a cualquier otro fuero que, conforme a derecho, les pueda corresponder.<\/p>\n\n\n\n<p><em>\u00daltima actualizaci\u00f3n: 1 de enero del 2021<\/em>\u00a0\u00a0<\/p>\n\n\n\n<h2 id=\"kt-adv-heading_6ff148-e5\" class=\"kt-adv-heading_6ff148-e5 wp-block-kadence-advancedheading\">INFORMACI\u00d3N DEL SITIO WEB<\/h2>\n\n\n\n<h3 id=\"kt-adv-heading_a4bb21-24\" class=\"kt-adv-heading_a4bb21-24 wp-block-kadence-advancedheading\">1. Propiedad de este sitio web<\/h3>\n\n\n\n<p>Este sitio web, es titularidad de SunInBest Solar Solutions, S.L. (en adelante, \u201cSunInBest Solar Solutions, S.L.\u201d). Su direcci\u00f3n electr\u00f3nica de contacto es&nbsp;<a href=\"mailto:info@suninbest.com\">info@suninbest.com<\/a>.<\/p>\n\n\n\n<p>El dominio de Internet&nbsp;, que permite acceder a este sitio web, est\u00e1 registrado por SunInBest Solar Solutions, S.L. .<\/p>\n\n\n\n<h3 id=\"kt-adv-heading_ecd26b-02\" class=\"kt-adv-heading_ecd26b-02 wp-block-kadence-advancedheading\">2. Finalidad de este sitio web<\/h3>\n\n\n\n<p>La finalidad de este sitio web es informar de los servicios que ofrece SunInBest Solar Solutions, S.L. &nbsp;(en adelante, el \u201cServicio\u201d).<\/p>\n\n\n\n<h3 id=\"kt-adv-heading_14214a-4d\" class=\"kt-adv-heading_14214a-4d wp-block-kadence-advancedheading\">3. T\u00e9rminos y Condiciones<\/h3>\n\n\n\n<p>Los T\u00e9rminos y Condiciones de este sitio web incluyen: (i) Aviso legal; (ii) Pol\u00edtica de privacidad; y (iii) Pol\u00edtica de cookies.<\/p>\n\n\n\n<p>El acceso a este sitio web conlleva la plena aceptaci\u00f3n por parte de los usuarios de los T\u00e9rminos y Condiciones.<\/p>\n\n\n\n<p>SunInBest Solar Solutions, S.L. se reserva la facultad de efectuar las modificaciones y actualizaciones que considere oportunas en los T\u00e9rminos y Condiciones, en cualquier momento, sin previo aviso y con efectos inmediatos.&nbsp;<\/p>\n\n\n\n<p>Se recomienda a los usuarios de este sitio web que revisen los T\u00e9rminos y Condiciones regularmente.\u00a0<\/p>\n\n\n\n<p><em>\u00daltima actualizaci\u00f3n: 1 de enero del 2021<\/em>&nbsp;&nbsp;<\/p>\n\n\n\n<p><\/p>\n<\/div><\/div>\n<\/div><\/div><\/div>\n","protected":false},"excerpt":{"rendered":"","protected":false},"author":1,"featured_media":0,"parent":0,"menu_order":0,"comment_status":"closed","ping_status":"closed","template":"","meta":{"kt_blocks_editor_width":""},"uagb_featured_image_src":{"full":false,"thumbnail":false,"medium":false,"medium_large":false,"large":false,"1536x1536":false,"2048x2048":false},"uagb_author_info":{"display_name":"MikeS18","author_link":"https:\/\/suninbest.com\/es\/author\/mikes18\/"},"uagb_comment_info":0,"uagb_excerpt":null,"yoast_head":"<!-- This site is optimized with the Yoast SEO plugin v15.6.2 - https:\/\/yoast.com\/wordpress\/plugins\/seo\/ -->\n<title>Aviso legal - SunInBest<\/title>\n<meta name=\"robots\" content=\"noindex, nofollow\" \/>\n<meta property=\"og:locale\" content=\"es_ES\" \/>\n<meta property=\"og:type\" content=\"article\" \/>\n<meta property=\"og:title\" content=\"Aviso legal - SunInBest\" \/>\n<meta property=\"og:url\" content=\"https:\/\/suninbest.com\/es\/aviso-legal\/\" \/>\n<meta property=\"og:site_name\" content=\"SunInBest\" \/>\n<meta property=\"article:modified_time\" content=\"2021-01-14T10:16:44+00:00\" \/>\n<meta name=\"twitter:card\" content=\"summary_large_image\" \/>\n<meta name=\"twitter:label1\" content=\"Tiempo de lectura\">\n\t<meta name=\"twitter:data1\" content=\"5 minutos\">\n<script type=\"application\/ld+json\" class=\"yoast-schema-graph\">{\"@context\":\"https:\/\/schema.org\",\"@graph\":[{\"@type\":\"WebSite\",\"@id\":\"https:\/\/suninbest.com\/es\/#website\",\"url\":\"https:\/\/suninbest.com\/es\/\",\"name\":\"SunInBest\",\"description\":\"Photovoltaic power\",\"potentialAction\":[{\"@type\":\"SearchAction\",\"target\":\"https:\/\/suninbest.com\/es\/?s={search_term_string}\",\"query-input\":\"required name=search_term_string\"}],\"inLanguage\":\"es\"},{\"@type\":\"WebPage\",\"@id\":\"https:\/\/suninbest.com\/es\/aviso-legal\/#webpage\",\"url\":\"https:\/\/suninbest.com\/es\/aviso-legal\/\",\"name\":\"Aviso legal - SunInBest\",\"isPartOf\":{\"@id\":\"https:\/\/suninbest.com\/es\/#website\"},\"datePublished\":\"2021-01-14T10:08:36+00:00\",\"dateModified\":\"2021-01-14T10:16:44+00:00\",\"inLanguage\":\"es\",\"potentialAction\":[{\"@type\":\"ReadAction\",\"target\":[\"https:\/\/suninbest.com\/es\/aviso-legal\/\"]}]}]}<\/script>\n<!-- \/ Yoast SEO plugin. -->","_links":{"self":[{"href":"https:\/\/suninbest.com\/es\/wp-json\/wp\/v2\/pages\/1207"}],"collection":[{"href":"https:\/\/suninbest.com\/es\/wp-json\/wp\/v2\/pages"}],"about":[{"href":"https:\/\/suninbest.com\/es\/wp-json\/wp\/v2\/types\/page"}],"author":[{"embeddable":true,"href":"https:\/\/suninbest.com\/es\/wp-json\/wp\/v2\/users\/1"}],"replies":[{"embeddable":true,"href":"https:\/\/suninbest.com\/es\/wp-json\/wp\/v2\/comments?post=1207"}],"version-history":[{"count":4,"href":"https:\/\/suninbest.com\/es\/wp-json\/wp\/v2\/pages\/1207\/revisions"}],"predecessor-version":[{"id":1212,"href":"https:\/\/suninbest.com\/es\/wp-json\/wp\/v2\/pages\/1207\/revisions\/1212"}],"wp:attachment":[{"href":"https:\/\/suninbest.com\/es\/wp-json\/wp\/v2\/media?parent=1207"}],"curies":[{"name":"wp","href":"https:\/\/api.w.org\/{rel}","templated":true}]}}